{"id":9,"date":"2018-07-30T08:40:12","date_gmt":"2018-07-30T08:40:12","guid":{"rendered":"https:\/\/arbaelo.de\/?page_id=9"},"modified":"2018-08-30T13:47:54","modified_gmt":"2018-08-30T13:47:54","slug":"startseite","status":"publish","type":"page","link":"https:\/\/huettmann.westphal-computer.com\/","title":{"rendered":"Technik in Metall"},"content":{"rendered":"<h2><strong>H\u00fcttmann Metall-<br \/>\nMeisterhaft in dritter Generation<\/strong><\/h2>\n<p>Seit \u00fcber 70 Jahren dreht sich bei der Familie H\u00fcttmann alles um das Thema\u00a0<b>Metall<\/b>. Den Anfang machte der Schmiedemeister Heinrich H\u00fcttmann im Jahre 1937: Hufschmiedearbeiten sowie der Bau von landwirtschaftlichen Ger\u00e4ten und Wagenr\u00e4dern, die zum Teil noch heute im Einsatz sind, geh\u00f6ren zum Kerngesch\u00e4ft des Betriebes, der bis 1957 in einer gepachteten Schmiede im Ortskern zu finden war.<br \/>\nParallel zum Bezug der neuen eigenen R\u00e4umlichkeiten legt das Familienunternehmen auch einen neuen Schwerpunkt. Reparatur, Bau und Handel von Landmaschinen gewinnen an Bedeutung.<\/p>\n<p>Es ist nur konsequent, das Bodo H\u00fcttmann in die Fu\u00dfstapfen seines Vaters tritt, das Leistungsspektrum des Familienunternehmens vergr\u00f6\u00dfert und seine Meisterpr\u00fcfung als Landmaschinenmechaniker ablegt. Vielseitigkeit &#8211; eine St\u00e4rke des Betriebes aus Tankenrade. Erst Recht mit dem Eintritt von Christian H\u00fcttmann in den Familienbetrieb,\u00a0<b>Metallbaumeister<\/b>\u00a0und dazu noch zertifizierter\u00a0<b>Schwei\u00dffachmann nach DIN 18800-7<\/b>.<\/p>\n<p>Gemeinsam richten sie den Betrieb ein weiteres mal neu aus, orientieren sich zum Jahrtausendwechsel hin weg von der Landwirtschaft, hin zum\u00a0<b>Stahlbau- und Schlossereibetrieb<\/b>. Mit Erfolg. Das Unternehmen expandiert und besch\u00e4ftigt zuletzt 13 Mitarbeiter, darunter zwei Auszubildende. Auch der Maschinenpark w\u00e4chst. Zwei\u00a0<b>CNC-Winkelstahlstanzen<\/b>, eine drei Meter breite Presse mit stolzen 340 Tonnen Leistung und nicht zuletzt eine vier Meter breite Presse mit 320 Tonnen Leistung und 560 Millimeter Hubh\u00f6he heben das Unternehmen vom regionalen Wettbewerb ab und bieten fortan umfangreiche M\u00f6glichkeiten in der rationellen Bearbeitung von\u00a0<b>Winkel- und Profilst\u00e4hlen<\/b>.<\/p>\n<p><strong>Christian H\u00fcttmann<\/strong><\/p>\n","protected":false},"excerpt":{"rendered":"<p>H\u00fcttmann Metall- Meisterhaft in dritter Generation Seit \u00fcber 70 Jahren dreht sich bei der Familie H\u00fcttmann alles um das Thema\u00a0Metall. Den Anfang machte der Schmiedemeister Heinrich H\u00fcttmann im Jahre 1937: Hufschmiedearbeiten sowie der Bau von landwirtschaftlichen Ger\u00e4ten und Wagenr\u00e4dern, die zum Teil noch heute im Einsatz sind, geh\u00f6ren zum Kerngesch\u00e4ft des Betriebes, der bis 1957 &hellip; <a href=\"https:\/\/huettmann.westphal-computer.com\/\" class=\"more-link\"><span class=\"screen-reader-text\">Technik in Metall<\/span> weiterlesen <span class=\"meta-nav\">&rarr;<\/span><\/a><\/p>\n","protected":false},"author":1,"featured_media":307,"parent":0,"menu_order":0,"comment_status":"closed","ping_status":"closed","template":"","meta":{"footnotes":""},"class_list":["post-9","page","type-page","status-publish","has-post-thumbnail","hentry"],"_links":{"self":[{"href":"https:\/\/huettmann.westphal-computer.com\/index.php?rest_route=\/wp\/v2\/pages\/9","targetHints":{"allow":["GET"]}}],"collection":[{"href":"https:\/\/huettmann.westphal-computer.com\/index.php?rest_route=\/wp\/v2\/pages"}],"about":[{"href":"https:\/\/huettmann.westphal-computer.com\/index.php?rest_route=\/wp\/v2\/types\/page"}],"author":[{"embeddable":true,"href":"https:\/\/huettmann.westphal-computer.com\/index.php?rest_route=\/wp\/v2\/users\/1"}],"replies":[{"embeddable":true,"href":"https:\/\/huettmann.westphal-computer.com\/index.php?rest_route=%2Fwp%2Fv2%2Fcomments&post=9"}],"version-history":[{"count":4,"href":"https:\/\/huettmann.westphal-computer.com\/index.php?rest_route=\/wp\/v2\/pages\/9\/revisions"}],"predecessor-version":[{"id":293,"href":"https:\/\/huettmann.westphal-computer.com\/index.php?rest_route=\/wp\/v2\/pages\/9\/revisions\/293"}],"wp:featuredmedia":[{"embeddable":true,"href":"https:\/\/huettmann.westphal-computer.com\/index.php?rest_route=\/wp\/v2\/media\/307"}],"wp:attachment":[{"href":"https:\/\/huettmann.westphal-computer.com\/index.php?rest_route=%2Fwp%2Fv2%2Fmedia&parent=9"}],"curies":[{"name":"wp","href":"https:\/\/api.w.org\/{rel}","templated":true}]}}